{"id":2492,"date":"2019-03-02T13:09:03","date_gmt":"2019-03-02T12:09:03","guid":{"rendered":"http:\/\/goudal.com.cl1.intention.nl\/?page_id=2492"},"modified":"2019-03-24T18:05:59","modified_gmt":"2019-03-24T17:05:59","slug":"reserver-hebergement","status":"publish","type":"page","link":"https:\/\/goudal.com\/fr\/reserver-hebergement\/","title":{"rendered":"R\u00e9server h\u00e9bergement"},"content":{"rendered":"<div class=\"wpb-content-wrapper\"><p>[vc_row css_animation=\u00a0\u00bb\u00a0\u00bb row_type=\u00a0\u00bbrow\u00a0\u00bb use_row_as_full_screen_section=\u00a0\u00bbno\u00a0\u00bb type=\u00a0\u00bbgrid\u00a0\u00bb angled_section=\u00a0\u00bbno\u00a0\u00bb text_align=\u00a0\u00bbcenter\u00a0\u00bb background_image_as_pattern=\u00a0\u00bbwithout_pattern\u00a0\u00bb css=\u00a0\u00bb.vc_custom_1482842480554{padding-top: 142px !important;padding-bottom: 94px !important;background-color: #f6f6f6 !important;}\u00a0\u00bb][vc_column offset=\u00a0\u00bbvc_col-lg-offset-2 vc_col-lg-8 vc_col-md-offset-1 vc_col-md-10&Prime; css=\u00a0\u00bb.vc_custom_1482831465629{padding-right: 8% !important;padding-left: 8% !important;}\u00a0\u00bb][vc_column_text]<\/p>\n<h1 style=\"text-align: center;\">R\u00e9servation h\u00e9bergement<\/h1>\n<p>[\/vc_column_text][vc_empty_space height=\u00a0\u00bb14px\u00a0\u00bb][vc_column_text]<\/p>\n<h4 style=\"text-align: center;\">Compl\u00e9tez le formulaire ci-dessous pour r\u00e9server votre HEBERGEMENT. Nous vous envoyons une confirmation dans 24 heures.<\/h4>\n<p>[\/vc_column_text][vc_single_image image=\u00a0\u00bb423&Prime; img_size=\u00a0\u00bbfull\u00a0\u00bb alignment=\u00a0\u00bbcenter\u00a0\u00bb qode_css_animation=\u00a0\u00bb\u00a0\u00bb][vc_column_text css=\u00a0\u00bb.vc_custom_1552406487784{padding-bottom: 20px !important;}\u00a0\u00bb]<\/p>\n<h3 style=\"text-align: center;\">Compl\u00e9ter et envoyer<\/h3>\n<p>[\/vc_column_text][vc_empty_space height=\u00a0\u00bb8px\u00a0\u00bb]\n<div class=\"wpcf7 no-js\" id=\"wpcf7-f3008-o1\" lang=\"nl-NL\" dir=\"ltr\" data-wpcf7-id=\"3008\">\n<div class=\"screen-reader-response\"><p role=\"status\" aria-live=\"polite\" aria-atomic=\"true\"><\/p> <ul><\/ul><\/div>\n<form action=\"\/fr\/wp-json\/wp\/v2\/pages\/2492#wpcf7-f3008-o1\" method=\"post\" class=\"wpcf7-form init cf7_custom_style_1\" aria-label=\"Contactformulier\" novalidate=\"novalidate\" data-status=\"init\">\n<fieldset class=\"hidden-fields-container\"><input type=\"hidden\" name=\"_wpcf7\" value=\"3008\" \/><input type=\"hidden\" name=\"_wpcf7_version\" value=\"6.1.5\" \/><input type=\"hidden\" name=\"_wpcf7_locale\" value=\"nl_NL\" \/><input type=\"hidden\" name=\"_wpcf7_unit_tag\" value=\"wpcf7-f3008-o1\" \/><input type=\"hidden\" name=\"_wpcf7_container_post\" value=\"0\" \/><input type=\"hidden\" name=\"_wpcf7_posted_data_hash\" value=\"\" \/><input type=\"hidden\" name=\"_wpcf7_recaptcha_response\" value=\"\" \/>\n<\/fieldset>\n<p><label>Nom de r\u00e9servation*<br \/>\n<span class=\"wpcf7-form-control-wrap\" data-name=\"your-name\"><input size=\"40\" maxlength=\"400\" class=\"wpcf7-form-control wpcf7-text wpcf7-validates-as-required\" aria-required=\"true\" aria-invalid=\"false\" value=\"\" type=\"text\" name=\"your-name\" \/><\/span> <\/label>\n<\/p>\n<p><label> Adresse*<\/label><br \/>\n<span class=\"wpcf7-form-control-wrap\" data-name=\"adres\"><input size=\"40\" maxlength=\"400\" class=\"wpcf7-form-control wpcf7-text wpcf7-validates-as-required\" aria-required=\"true\" aria-invalid=\"false\" placeholder=\"Rue ou Lieu-dit\" value=\"\" type=\"text\" name=\"adres\" \/><\/span><span class=\"wpcf7-form-control-wrap\" data-name=\"postcode\"><input size=\"40\" maxlength=\"400\" class=\"wpcf7-form-control wpcf7-text wpcf7-validates-as-required\" aria-required=\"true\" aria-invalid=\"false\" placeholder=\"Code postal+ville\" value=\"\" type=\"text\" name=\"postcode\" \/><\/span><span class=\"wpcf7-form-control-wrap\" data-name=\"land\"><input size=\"40\" maxlength=\"400\" class=\"wpcf7-form-control wpcf7-text wpcf7-validates-as-required\" aria-required=\"true\" aria-invalid=\"false\" placeholder=\"Pays\" value=\"\" type=\"text\" name=\"land\" \/><\/span>\n<\/p>\n<p><label> Coordonn\u00e9es* <\/label><br \/>\n<span class=\"wpcf7-form-control-wrap\" data-name=\"tel-274\"><input size=\"40\" maxlength=\"400\" class=\"wpcf7-form-control wpcf7-tel wpcf7-text wpcf7-validates-as-tel\" aria-invalid=\"false\" placeholder=\"Num\u00e9ro Telephone\" value=\"\" type=\"tel\" name=\"tel-274\" \/><\/span><span class=\"wpcf7-form-control-wrap\" data-name=\"your-email\"><input size=\"40\" maxlength=\"400\" class=\"wpcf7-form-control wpcf7-email wpcf7-validates-as-required wpcf7-text wpcf7-validates-as-email\" aria-required=\"true\" aria-invalid=\"false\" placeholder=\"Email\" value=\"\" type=\"email\" name=\"your-email\" \/><\/span>\n<\/p>\n<p><label> Immatriculation<br \/>\n<span class=\"wpcf7-form-control-wrap\" data-name=\"kenteken\"><input size=\"40\" maxlength=\"400\" class=\"wpcf7-form-control wpcf7-text\" aria-invalid=\"false\" value=\"\" type=\"text\" name=\"kenteken\" \/><\/span> <\/label>\n<\/p>\n<p><label> Date d'arriv\u00e9*<br \/>\n<span class=\"wpcf7-form-control-wrap\" data-name=\"date-579\"><input class=\"wpcf7-form-control wpcf7-date wpcf7-validates-as-date\" aria-invalid=\"false\" value=\"\" type=\"date\" name=\"date-579\" \/><\/span> <\/label>\n<\/p>\n<p><label> Date de d\u00e9part*<br \/>\n<span class=\"wpcf7-form-control-wrap\" data-name=\"date-580\"><input class=\"wpcf7-form-control wpcf7-date wpcf7-validates-as-date\" aria-invalid=\"false\" value=\"\" type=\"date\" name=\"date-580\" \/><\/span> <\/label>\n<\/p>\n<p><label> Personne 1* <\/label><br \/>\n<span class=\"wpcf7-form-control-wrap\" data-name=\"Persoon-1\"><input size=\"40\" maxlength=\"400\" class=\"wpcf7-form-control wpcf7-text wpcf7-validates-as-required\" aria-required=\"true\" aria-invalid=\"false\" placeholder=\"Nom et Pr\u00e9nom\" value=\"\" type=\"text\" name=\"Persoon-1\" \/><\/span><span class=\"wpcf7-form-control-wrap\" data-name=\"gebdatum-1\"><input size=\"40\" maxlength=\"400\" class=\"wpcf7-form-control wpcf7-text wpcf7-validates-as-required\" aria-required=\"true\" aria-invalid=\"false\" placeholder=\"Date de naissance\" value=\"\" type=\"text\" name=\"gebdatum-1\" \/><\/span>\n<\/p>\n<p><label> Personne 2 <\/label><br \/>\n<span class=\"wpcf7-form-control-wrap\" data-name=\"Persoon-2\"><input size=\"40\" maxlength=\"400\" class=\"wpcf7-form-control wpcf7-text\" aria-invalid=\"false\" placeholder=\"Nom et Pr\u00e9nom\" value=\"\" type=\"text\" name=\"Persoon-2\" \/><\/span><span class=\"wpcf7-form-control-wrap\" data-name=\"gebdatum-2\"><input size=\"40\" maxlength=\"400\" class=\"wpcf7-form-control wpcf7-text\" aria-invalid=\"false\" placeholder=\"Date de naissance\" value=\"\" type=\"text\" name=\"gebdatum-2\" \/><\/span>\n<\/p>\n<p><label> Personne 3 <\/label><br \/>\n<span class=\"wpcf7-form-control-wrap\" data-name=\"Persoon-3\"><input size=\"40\" maxlength=\"400\" class=\"wpcf7-form-control wpcf7-text\" aria-invalid=\"false\" placeholder=\"Nom et Pr\u00e9nom\" value=\"\" type=\"text\" name=\"Persoon-3\" \/><\/span><span class=\"wpcf7-form-control-wrap\" data-name=\"gebdatum-3\"><input size=\"40\" maxlength=\"400\" class=\"wpcf7-form-control wpcf7-text\" aria-invalid=\"false\" placeholder=\"Date de naissance\" value=\"\" type=\"text\" name=\"gebdatum-3\" \/><\/span>\n<\/p>\n<p><label> Personne 4 <\/label><br \/>\n<span class=\"wpcf7-form-control-wrap\" data-name=\"Persoon-4\"><input size=\"40\" maxlength=\"400\" class=\"wpcf7-form-control wpcf7-text\" aria-invalid=\"false\" placeholder=\"Nom et Pr\u00e9nom\" value=\"\" type=\"text\" name=\"Persoon-4\" \/><\/span><span class=\"wpcf7-form-control-wrap\" data-name=\"gebdatum-4\"><input size=\"40\" maxlength=\"400\" class=\"wpcf7-form-control wpcf7-text\" aria-invalid=\"false\" placeholder=\"Date de naissance\" value=\"\" type=\"text\" name=\"gebdatum-4\" \/><\/span>\n<\/p>\n<p><label> Personne 5 <\/label><br \/>\n<span class=\"wpcf7-form-control-wrap\" data-name=\"Persoon-5\"><input size=\"40\" maxlength=\"400\" class=\"wpcf7-form-control wpcf7-text\" aria-invalid=\"false\" placeholder=\"Nom et Pr\u00e9nom\" value=\"\" type=\"text\" name=\"Persoon-5\" \/><\/span><span class=\"wpcf7-form-control-wrap\" data-name=\"gebdatum-5\"><input size=\"40\" maxlength=\"400\" class=\"wpcf7-form-control wpcf7-text\" aria-invalid=\"false\" placeholder=\"Date de naissance\" value=\"\" type=\"text\" name=\"gebdatum-5\" \/><\/span>\n<\/p>\n<p><label> Personne 6 <\/label><br \/>\n<span class=\"wpcf7-form-control-wrap\" data-name=\"Persoon-6\"><input size=\"40\" maxlength=\"400\" class=\"wpcf7-form-control wpcf7-text\" aria-invalid=\"false\" placeholder=\"Nom et Pr\u00e9nom\" value=\"\" type=\"text\" name=\"Persoon-6\" \/><\/span><span class=\"wpcf7-form-control-wrap\" data-name=\"gebdatum-6\"><input size=\"40\" maxlength=\"400\" class=\"wpcf7-form-control wpcf7-text\" aria-invalid=\"false\" placeholder=\"Date de naissance\" value=\"\" type=\"text\" name=\"gebdatum-6\" \/><\/span>\n<\/p>\n<p><label>H\u00e9bergement d\u00e9sir\u00e9* <\/label><br \/>\n<span class=\"wpcf7-form-control-wrap\" data-name=\"kampeerplaats\"><select class=\"wpcf7-form-control wpcf7-select wpcf7-validates-as-required\" aria-required=\"true\" aria-invalid=\"false\" name=\"kampeerplaats\"><option value=\"-choisir l&#039;h\u00e9bergement d\u00e9sir\u00e9-\">-choisir l&#039;h\u00e9bergement d\u00e9sir\u00e9-<\/option><option value=\"Tente &#039;Karsten&#039; (4 personnes)\">Tente &#039;Karsten&#039; (4 personnes)<\/option><option value=\"Tente &#039;De Waard&#039; (6 personnes)\">Tente &#039;De Waard&#039; (6 personnes)<\/option><option value=\"Chalet en bois (4 personnes)\">Chalet en bois (4 personnes)<\/option><option value=\"G\u00eete d&#039;\u00e9tape (4 personnes)\">G\u00eete d&#039;\u00e9tape (4 personnes)<\/option><\/select><\/span>\n<\/p>\n<p>Important: Les animaux ne sont pas accept\u00e9 dans nos h\u00e9bergements.\n<\/p>\n<p><label> Pr\u00e9f\u00e9rences compl\u00e9mentaires:<br \/>\n<span class=\"wpcf7-form-control-wrap\" data-name=\"your-message\"><textarea cols=\"40\" rows=\"10\" maxlength=\"2000\" class=\"wpcf7-form-control wpcf7-textarea\" aria-invalid=\"false\" placeholder=\"Par example: lit b\u00e9b\u00e9 ou chaise haute\" name=\"your-message\"><\/textarea><\/span> <\/label>\n<\/p>\n<p><label> Comment avez-vous trouv\u00e9 notre camping? <\/label><br \/>\n<span class=\"wpcf7-form-control-wrap\" data-name=\"hoe-gevonden\"><input size=\"40\" maxlength=\"400\" class=\"wpcf7-form-control wpcf7-text\" aria-invalid=\"false\" placeholder=\"Par example: Vacances.com, Office du Tourisme, amies, ancien client\" value=\"\" type=\"text\" name=\"hoe-gevonden\" \/><\/span>\n<\/p>\n<p>Les champs avec une * sont obligatoires<br \/>\n<span class=\"wpcf7-form-control-wrap\" data-name=\"checkbox-105\"><span class=\"wpcf7-form-control wpcf7-checkbox wpcf7-validates-as-required\"><span class=\"wpcf7-list-item first last\"><input type=\"checkbox\" name=\"checkbox-105[]\" value=\"J&#039;accepte les conditions g\u00e9n\u00e9rales de Camping Goudal*\" \/><span class=\"wpcf7-list-item-label\">J&#039;accepte les conditions g\u00e9n\u00e9rales de Camping Goudal*<\/span><\/span><\/span><\/span>\n<\/p>\n<p><input class=\"wpcf7-form-control wpcf7-submit has-spinner\" type=\"submit\" value=\"Envoyer\" \/>\n<\/p><div class=\"wpcf7-response-output\" aria-hidden=\"true\"><\/div>\n<\/form>\n<\/div>\n[vc_empty_space height=\u00a0\u00bb20px\u00a0\u00bb][vc_row_inner row_type=\u00a0\u00bbrow\u00a0\u00bb type=\u00a0\u00bbfull_width\u00a0\u00bb text_align=\u00a0\u00bbcenter\u00a0\u00bb css_animation=\u00a0\u00bb\u00a0\u00bb][vc_column_inner]<a  itemprop=\"url\" href=\"https:\/\/goudal.com\/wp-content\/uploads\/2019\/03\/Termes-et-conditions-Camping-Goudal-FR.pdf\" target=\"_blank\" data-hover-background-color=\"rgba(48,48,48,0.66)\" class=\"qbutton  small white default\" style=\"color: #ffffff; background-color:#303030;\">Conditions g\u00e9n\u00e9rales<i class=\"qode_icon_font_awesome fa fa-download qode_button_icon_element\"><\/i><\/a>[vc_empty_space height=\u00a0\u00bb40px\u00a0\u00bb][\/vc_column_inner][\/vc_row_inner][\/vc_column][\/vc_row]<\/p>\n<\/div>","protected":false},"excerpt":{"rendered":"<p>[vc_row css_animation=\u00a0\u00bb\u00a0\u00bb row_type=\u00a0\u00bbrow\u00a0\u00bb use_row_as_full_screen_section=\u00a0\u00bbno\u00a0\u00bb type=\u00a0\u00bbgrid\u00a0\u00bb angled_section=\u00a0\u00bbno\u00a0\u00bb text_align=\u00a0\u00bbcenter\u00a0\u00bb background_image_as_pattern=\u00a0\u00bbwithout_pattern\u00a0\u00bb css=\u00a0\u00bb.vc_custom_1482842480554{padding-top: 142px !important;padding-bottom: 94px !important;background-color: #f6f6f6 !important;}\u00a0\u00bb][vc_column offset=\u00a0\u00bbvc_col-lg-offset-2 vc_col-lg-8 vc_col-md-offset-1 vc_col-md-10&Prime; css=\u00a0\u00bb.vc_custom_1482831465629{padding-right: 8% !important;padding-left: 8% !important;}\u00a0\u00bb][vc_column_text] R\u00e9servation h\u00e9bergement [\/vc_column_text][vc_empty_space height=\u00a0\u00bb14px\u00a0\u00bb][vc_column_text] Compl\u00e9tez le formulaire ci-dessous pour r\u00e9server votre HEBERGEMENT. Nous vous envoyons une confirmation dans 24 heures. [\/vc_column_text][vc_single_image image=\u00a0\u00bb423&Prime; img_size=\u00a0\u00bbfull\u00a0\u00bb alignment=\u00a0\u00bbcenter\u00a0\u00bb qode_css_animation=\u00a0\u00bb\u00a0\u00bb][vc_column_text css=\u00a0\u00bb.vc_custom_1552406487784{padding-bottom: 20px !important;}\u00a0\u00bb] Compl\u00e9ter et envoyer&#8230;<\/p>\n","protected":false},"author":1,"featured_media":0,"parent":0,"menu_order":0,"comment_status":"closed","ping_status":"closed","template":"full_width.php","meta":{"footnotes":""},"class_list":["post-2492","page","type-page","status-publish","hentry"],"yoast_head":"<!-- This site is optimized with the Yoast SEO plugin v27.5 - https:\/\/yoast.com\/product\/yoast-seo-wordpress\/ -->\n<title>R\u00e9server h\u00e9bergement - Goudal.com<\/title>\n<meta name=\"robots\" content=\"index, follow, max-snippet:-1, max-image-preview:large, max-video-preview:-1\" \/>\n<link rel=\"canonical\" href=\"https:\/\/goudal.com\/fr\/reserver-hebergement\/\" \/>\n<meta property=\"og:locale\" content=\"fr_FR\" \/>\n<meta property=\"og:type\" content=\"article\" \/>\n<meta property=\"og:title\" content=\"R\u00e9server h\u00e9bergement - Goudal.com\" \/>\n<meta property=\"og:description\" content=\"[vc_row css_animation=\u00a0\u00bb\u00a0\u00bb row_type=\u00a0\u00bbrow\u00a0\u00bb use_row_as_full_screen_section=\u00a0\u00bbno\u00a0\u00bb type=\u00a0\u00bbgrid\u00a0\u00bb angled_section=\u00a0\u00bbno\u00a0\u00bb text_align=\u00a0\u00bbcenter\u00a0\u00bb background_image_as_pattern=\u00a0\u00bbwithout_pattern\u00a0\u00bb css=\u00a0\u00bb.vc_custom_1482842480554{padding-top: 142px !important;padding-bottom: 94px !important;background-color: #f6f6f6 !important;}\u00a0\u00bb][vc_column offset=\u00a0\u00bbvc_col-lg-offset-2 vc_col-lg-8 vc_col-md-offset-1 vc_col-md-10&Prime; css=\u00a0\u00bb.vc_custom_1482831465629{padding-right: 8% !important;padding-left: 8% !important;}\u00a0\u00bb][vc_column_text] R\u00e9servation h\u00e9bergement [\/vc_column_text][vc_empty_space height=\u00a0\u00bb14px\u00a0\u00bb][vc_column_text] Compl\u00e9tez le formulaire ci-dessous pour r\u00e9server votre HEBERGEMENT. Nous vous envoyons une confirmation dans 24 heures. [\/vc_column_text][vc_single_image image=\u00a0\u00bb423&Prime; img_size=\u00a0\u00bbfull\u00a0\u00bb alignment=\u00a0\u00bbcenter\u00a0\u00bb qode_css_animation=\u00a0\u00bb\u00a0\u00bb][vc_column_text css=\u00a0\u00bb.vc_custom_1552406487784{padding-bottom: 20px !important;}\u00a0\u00bb] Compl\u00e9ter et envoyer...\" \/>\n<meta property=\"og:url\" content=\"https:\/\/goudal.com\/fr\/reserver-hebergement\/\" \/>\n<meta property=\"og:site_name\" content=\"Goudal.com\" \/>\n<meta property=\"article:modified_time\" content=\"2019-03-24T17:05:59+00:00\" \/>\n<meta name=\"twitter:card\" content=\"summary_large_image\" \/>\n<meta name=\"twitter:label1\" content=\"Dur\u00e9e de lecture estim\u00e9e\" \/>\n\t<meta name=\"twitter:data1\" content=\"1 minute\" \/>\n<script type=\"application\/ld+json\" class=\"yoast-schema-graph\">{\"@context\":\"https:\\\/\\\/schema.org\",\"@graph\":[{\"@type\":\"WebPage\",\"@id\":\"https:\\\/\\\/goudal.com\\\/fr\\\/reserver-hebergement\\\/\",\"url\":\"https:\\\/\\\/goudal.com\\\/fr\\\/reserver-hebergement\\\/\",\"name\":\"R\u00e9server h\u00e9bergement - Goudal.com\",\"isPartOf\":{\"@id\":\"https:\\\/\\\/goudal.com\\\/#website\"},\"datePublished\":\"2019-03-02T12:09:03+00:00\",\"dateModified\":\"2019-03-24T17:05:59+00:00\",\"breadcrumb\":{\"@id\":\"https:\\\/\\\/goudal.com\\\/fr\\\/reserver-hebergement\\\/#breadcrumb\"},\"inLanguage\":\"fr-FR\",\"potentialAction\":[{\"@type\":\"ReadAction\",\"target\":[\"https:\\\/\\\/goudal.com\\\/fr\\\/reserver-hebergement\\\/\"]}]},{\"@type\":\"BreadcrumbList\",\"@id\":\"https:\\\/\\\/goudal.com\\\/fr\\\/reserver-hebergement\\\/#breadcrumb\",\"itemListElement\":[{\"@type\":\"ListItem\",\"position\":1,\"name\":\"Home\",\"item\":\"https:\\\/\\\/goudal.com\\\/fr\\\/\"},{\"@type\":\"ListItem\",\"position\":2,\"name\":\"R\u00e9server h\u00e9bergement\"}]},{\"@type\":\"WebSite\",\"@id\":\"https:\\\/\\\/goudal.com\\\/#website\",\"url\":\"https:\\\/\\\/goudal.com\\\/\",\"name\":\"Goudal.com\",\"description\":\"Camping Goudal, France\",\"potentialAction\":[{\"@type\":\"SearchAction\",\"target\":{\"@type\":\"EntryPoint\",\"urlTemplate\":\"https:\\\/\\\/goudal.com\\\/?s={search_term_string}\"},\"query-input\":{\"@type\":\"PropertyValueSpecification\",\"valueRequired\":true,\"valueName\":\"search_term_string\"}}],\"inLanguage\":\"fr-FR\"}]}<\/script>\n<!-- \/ Yoast SEO plugin. -->","yoast_head_json":{"title":"R\u00e9server h\u00e9bergement - Goudal.com","robots":{"index":"index","follow":"follow","max-snippet":"max-snippet:-1","max-image-preview":"max-image-preview:large","max-video-preview":"max-video-preview:-1"},"canonical":"https:\/\/goudal.com\/fr\/reserver-hebergement\/","og_locale":"fr_FR","og_type":"article","og_title":"R\u00e9server h\u00e9bergement - Goudal.com","og_description":"[vc_row css_animation=\u00a0\u00bb\u00a0\u00bb row_type=\u00a0\u00bbrow\u00a0\u00bb use_row_as_full_screen_section=\u00a0\u00bbno\u00a0\u00bb type=\u00a0\u00bbgrid\u00a0\u00bb angled_section=\u00a0\u00bbno\u00a0\u00bb text_align=\u00a0\u00bbcenter\u00a0\u00bb background_image_as_pattern=\u00a0\u00bbwithout_pattern\u00a0\u00bb css=\u00a0\u00bb.vc_custom_1482842480554{padding-top: 142px !important;padding-bottom: 94px !important;background-color: #f6f6f6 !important;}\u00a0\u00bb][vc_column offset=\u00a0\u00bbvc_col-lg-offset-2 vc_col-lg-8 vc_col-md-offset-1 vc_col-md-10&Prime; css=\u00a0\u00bb.vc_custom_1482831465629{padding-right: 8% !important;padding-left: 8% !important;}\u00a0\u00bb][vc_column_text] R\u00e9servation h\u00e9bergement [\/vc_column_text][vc_empty_space height=\u00a0\u00bb14px\u00a0\u00bb][vc_column_text] Compl\u00e9tez le formulaire ci-dessous pour r\u00e9server votre HEBERGEMENT. Nous vous envoyons une confirmation dans 24 heures. [\/vc_column_text][vc_single_image image=\u00a0\u00bb423&Prime; img_size=\u00a0\u00bbfull\u00a0\u00bb alignment=\u00a0\u00bbcenter\u00a0\u00bb qode_css_animation=\u00a0\u00bb\u00a0\u00bb][vc_column_text css=\u00a0\u00bb.vc_custom_1552406487784{padding-bottom: 20px !important;}\u00a0\u00bb] Compl\u00e9ter et envoyer...","og_url":"https:\/\/goudal.com\/fr\/reserver-hebergement\/","og_site_name":"Goudal.com","article_modified_time":"2019-03-24T17:05:59+00:00","twitter_card":"summary_large_image","twitter_misc":{"Dur\u00e9e de lecture estim\u00e9e":"1 minute"},"schema":{"@context":"https:\/\/schema.org","@graph":[{"@type":"WebPage","@id":"https:\/\/goudal.com\/fr\/reserver-hebergement\/","url":"https:\/\/goudal.com\/fr\/reserver-hebergement\/","name":"R\u00e9server h\u00e9bergement - Goudal.com","isPartOf":{"@id":"https:\/\/goudal.com\/#website"},"datePublished":"2019-03-02T12:09:03+00:00","dateModified":"2019-03-24T17:05:59+00:00","breadcrumb":{"@id":"https:\/\/goudal.com\/fr\/reserver-hebergement\/#breadcrumb"},"inLanguage":"fr-FR","potentialAction":[{"@type":"ReadAction","target":["https:\/\/goudal.com\/fr\/reserver-hebergement\/"]}]},{"@type":"BreadcrumbList","@id":"https:\/\/goudal.com\/fr\/reserver-hebergement\/#breadcrumb","itemListElement":[{"@type":"ListItem","position":1,"name":"Home","item":"https:\/\/goudal.com\/fr\/"},{"@type":"ListItem","position":2,"name":"R\u00e9server h\u00e9bergement"}]},{"@type":"WebSite","@id":"https:\/\/goudal.com\/#website","url":"https:\/\/goudal.com\/","name":"Goudal.com","description":"Camping Goudal, France","potentialAction":[{"@type":"SearchAction","target":{"@type":"EntryPoint","urlTemplate":"https:\/\/goudal.com\/?s={search_term_string}"},"query-input":{"@type":"PropertyValueSpecification","valueRequired":true,"valueName":"search_term_string"}}],"inLanguage":"fr-FR"}]}},"_links":{"self":[{"href":"https:\/\/goudal.com\/fr\/wp-json\/wp\/v2\/pages\/2492","targetHints":{"allow":["GET"]}}],"collection":[{"href":"https:\/\/goudal.com\/fr\/wp-json\/wp\/v2\/pages"}],"about":[{"href":"https:\/\/goudal.com\/fr\/wp-json\/wp\/v2\/types\/page"}],"author":[{"embeddable":true,"href":"https:\/\/goudal.com\/fr\/wp-json\/wp\/v2\/users\/1"}],"replies":[{"embeddable":true,"href":"https:\/\/goudal.com\/fr\/wp-json\/wp\/v2\/comments?post=2492"}],"version-history":[{"count":0,"href":"https:\/\/goudal.com\/fr\/wp-json\/wp\/v2\/pages\/2492\/revisions"}],"wp:attachment":[{"href":"https:\/\/goudal.com\/fr\/wp-json\/wp\/v2\/media?parent=2492"}],"curies":[{"name":"wp","href":"https:\/\/api.w.org\/{rel}","templated":true}]}}