{"id":2468,"date":"2019-03-02T12:56:55","date_gmt":"2019-03-02T11:56:55","guid":{"rendered":"http:\/\/goudal.com.cl1.intention.nl\/?page_id=2468"},"modified":"2022-11-25T10:57:30","modified_gmt":"2022-11-25T09:57:30","slug":"contact-goudal","status":"publish","type":"page","link":"https:\/\/goudal.com\/fr\/contact-goudal\/","title":{"rendered":"Contact"},"content":{"rendered":"<div class=\"wpb-content-wrapper\"><p>[vc_row css_animation=\u00a0\u00bb\u00a0\u00bb row_type=\u00a0\u00bbrow\u00a0\u00bb use_row_as_full_screen_section=\u00a0\u00bbno\u00a0\u00bb type=\u00a0\u00bbgrid\u00a0\u00bb angled_section=\u00a0\u00bbno\u00a0\u00bb text_align=\u00a0\u00bbcenter\u00a0\u00bb background_image_as_pattern=\u00a0\u00bbwithout_pattern\u00a0\u00bb css=\u00a0\u00bb.vc_custom_1486888753017{padding-bottom: 35px !important;}\u00a0\u00bb][vc_column][vc_row_inner row_type=\u00a0\u00bbrow\u00a0\u00bb type=\u00a0\u00bbfull_width\u00a0\u00bb text_align=\u00a0\u00bbleft\u00a0\u00bb css_animation=\u00a0\u00bb\u00a0\u00bb][vc_column_inner width=\u00a0\u00bb1\/4&Prime;][vc_single_image image=\u00a0\u00bb431&Prime; img_size=\u00a0\u00bbfull\u00a0\u00bb alignment=\u00a0\u00bbcenter\u00a0\u00bb qode_css_animation=\u00a0\u00bbelement_from_left\u00a0\u00bb css=\u00a0\u00bb.vc_custom_1486887628836{padding-top: 40px !important;}\u00a0\u00bb][\/vc_column_inner][vc_column_inner width=\u00a0\u00bb3\/4&Prime;][vc_empty_space height=\u00a0\u00bb20px\u00a0\u00bb][vc_column_text css=\u00a0\u00bb.vc_custom_1551617800623{padding-top: 45px !important;}\u00a0\u00bb]<\/p>\n<h2>Questions? Ou voulez-vous <a href=\"#reserveren\">r\u00e9server<\/a> ?<\/h2>\n<p>[\/vc_column_text][\/vc_column_inner][\/vc_row_inner][vc_empty_space height=\u00a0\u00bb30px\u00a0\u00bb][vc_column_text]<\/p>\n<h4>Avez-vous des questions ou besoin d`informations suppl\u00e9mentaires ? Contactez-nous par t\u00e9l\u00e9phone, mail ou le formulaire de contact ci-dessous.<\/h4>\n<p>[\/vc_column_text][\/vc_column][\/vc_row][vc_row css_animation=\u00a0\u00bb\u00a0\u00bb row_type=\u00a0\u00bbrow\u00a0\u00bb use_row_as_full_screen_section=\u00a0\u00bbno\u00a0\u00bb type=\u00a0\u00bbgrid\u00a0\u00bb angled_section=\u00a0\u00bbno\u00a0\u00bb text_align=\u00a0\u00bbleft\u00a0\u00bb background_image_as_pattern=\u00a0\u00bbwithout_pattern\u00a0\u00bb background_color=\u00a0\u00bb#e8e8e8&Prime; css=\u00a0\u00bb.vc_custom_1486935297828{padding-top: 40px !important;padding-bottom: 30px !important;}\u00a0\u00bb][vc_column][vc_column_text]<\/p>\n<h2 style=\"text-align: center;\">Nous vous invitons \u00e0 nous contacter !<\/h2>\n<p>[\/vc_column_text][vc_empty_space height=\u00a0\u00bb30px\u00a0\u00bb][vc_row_inner row_type=\u00a0\u00bbrow\u00a0\u00bb type=\u00a0\u00bbfull_width\u00a0\u00bb text_align=\u00a0\u00bbleft\u00a0\u00bb css_animation=\u00a0\u00bb\u00a0\u00bb][vc_column_inner width=\u00a0\u00bb1\/3&Prime;][vc_column_text]<\/p>\n<h3>Adresse<\/h3>\n<p>[\/vc_column_text][vc_empty_space height=\u00a0\u00bb30px\u00a0\u00bb]<div class='q_icon_with_title small normal_icon left_from_title '><div class=\"icon_text_holder\" style=\"\"><div class=\"icon_text_inner\" style=\"\"><div class=\"icon_title_holder\"><div class=\"icon_holder \" style=\" \"><span data-icon-type=\"normal\" class=\"qode_iwt_icon_holder q_font_awsome_icon fa-2x  \"><i class=\"qode_icon_font_awesome fa fa-location-arrow qode_iwt_icon_element\"><\/i><\/span><\/div><h5 class=\"icon_title\" style=\"color: #828282;font-weight: 400;\">Route de Lacaune- Lieudit Goudal 34330 La Salvetat-sur-Ago\u00fbt<\/h5><\/div><p style=''><\/p><\/div><\/div><\/div><div class='q_icon_with_title small normal_icon left_from_title '><div class=\"icon_text_holder\" style=\"\"><div class=\"icon_text_inner\" style=\"\"><div class=\"icon_title_holder\"><div class=\"icon_holder \" style=\" \"><span data-icon-type=\"normal\" class=\"qode_iwt_icon_holder q_font_awsome_icon fa-2x  \"><i class=\"qode_icon_font_awesome fa fa-phone qode_iwt_icon_element\"><\/i><\/span><\/div><h5 class=\"icon_title\" style=\"color: #828282;font-weight: 400;\">T\u00e9l\u00e9phone fixe:<\/h5><\/div><p style=''><\/p><\/div><\/div><\/div>[vc_column_text css=\u00a0\u00bb.vc_custom_1603128751117{margin-top: -30px !important;padding-left: 42px !important;}\u00a0\u00bb]<a href=\"tel:0033467951345\"><strong>+33 4 67 95 13 45<\/strong><\/a>[\/vc_column_text][vc_empty_space height=\u00a0\u00bb10px\u00a0\u00bb]<div class='q_icon_with_title small normal_icon left_from_title '><div class=\"icon_text_holder\" style=\"\"><div class=\"icon_text_inner\" style=\"\"><div class=\"icon_title_holder\"><div class=\"icon_holder \" style=\" \"><span data-icon-type=\"normal\" class=\"qode_iwt_icon_holder q_font_awsome_icon fa-2x  \"><i class=\"qode_icon_font_awesome fa fa-envelope qode_iwt_icon_element\"><\/i><\/span><\/div><h5 class=\"icon_title\" style=\"color: #828282;font-weight: 400;\">info@goudal.com<\/h5><\/div><p style=''><\/p><\/div><\/div><\/div><div class='q_icon_with_title small normal_icon left_from_title '><div class=\"icon_text_holder\" style=\"\"><div class=\"icon_text_inner\" style=\"\"><div class=\"icon_title_holder\"><div class=\"icon_holder \" style=\" \"><span data-icon-type=\"normal\" class=\"qode_iwt_icon_holder q_font_awsome_icon fa-2x  \"><i class=\"qode_icon_font_awesome fa fa-clock-o qode_iwt_icon_element\"><\/i><\/span><\/div><h5 class=\"icon_title\" style=\"color: #828282;font-weight: 400;\">Camping ouvert du 15 juin jusqu'au 31 Ao\u00fbt (vous pouvez nous contacter durant toute l'ann\u00e9e)<\/h5><\/div><p style=''><\/p><\/div><\/div><\/div><div class='q_icon_with_title small normal_icon left_from_title '><div class=\"icon_text_holder\" style=\"\"><div class=\"icon_text_inner\" style=\"\"><div class=\"icon_title_holder\"><div class=\"icon_holder \" style=\" \"><span data-icon-type=\"normal\" class=\"qode_iwt_icon_holder q_font_awsome_icon fa-2x  \"><i class=\"qode_icon_font_awesome fa fa-money qode_iwt_icon_element\"><\/i><\/span><\/div><h5 class=\"icon_title\" style=\"color: #828282;font-weight: 400;\">IBAN: FR76 1348 5008 0008 0088 0651 558 (BIC: CEPAFRPP348) mentionnement Camping Goudal<\/h5><\/div><p style=''><\/p><\/div><\/div><\/div>[vc_column_text]Capital social: \u20ac 10.000[\/vc_column_text][vc_empty_space height=\u00a0\u00bb40px\u00a0\u00bb][\/vc_column_inner][vc_column_inner width=\u00a0\u00bb2\/3&Prime;][vc_column_text]<\/p>\n<h3>Formulaire de contact<\/h3>\n<p>[\/vc_column_text][vc_empty_space height=\u00a0\u00bb30px\u00a0\u00bb]\n<div class=\"wpcf7 no-js\" id=\"wpcf7-f2782-o1\" lang=\"nl-NL\" dir=\"ltr\" data-wpcf7-id=\"2782\">\n<div class=\"screen-reader-response\"><p role=\"status\" aria-live=\"polite\" aria-atomic=\"true\"><\/p> <ul><\/ul><\/div>\n<form action=\"\/fr\/wp-json\/wp\/v2\/pages\/2468#wpcf7-f2782-o1\" method=\"post\" class=\"wpcf7-form init cf7_custom_style_2\" aria-label=\"Contactformulier\" novalidate=\"novalidate\" data-status=\"init\">\n<fieldset class=\"hidden-fields-container\"><input type=\"hidden\" name=\"_wpcf7\" value=\"2782\" \/><input type=\"hidden\" name=\"_wpcf7_version\" value=\"6.1.5\" \/><input type=\"hidden\" name=\"_wpcf7_locale\" value=\"nl_NL\" \/><input type=\"hidden\" name=\"_wpcf7_unit_tag\" value=\"wpcf7-f2782-o1\" \/><input type=\"hidden\" name=\"_wpcf7_container_post\" value=\"0\" \/><input type=\"hidden\" name=\"_wpcf7_posted_data_hash\" value=\"\" \/><input type=\"hidden\" name=\"_wpcf7_recaptcha_response\" value=\"\" \/>\n<\/fieldset>\n<p><label> Nom (obligatoire)<br \/>\n<span class=\"wpcf7-form-control-wrap\" data-name=\"your-name\"><input size=\"40\" maxlength=\"400\" class=\"wpcf7-form-control wpcf7-text wpcf7-validates-as-required\" aria-required=\"true\" aria-invalid=\"false\" value=\"\" type=\"text\" name=\"your-name\" \/><\/span> <\/label>\n<\/p>\n<p><label> Votre adresse mail (obligatoire)<br \/>\n<span class=\"wpcf7-form-control-wrap\" data-name=\"your-email\"><input size=\"40\" maxlength=\"400\" class=\"wpcf7-form-control wpcf7-email wpcf7-validates-as-required wpcf7-text wpcf7-validates-as-email\" aria-required=\"true\" aria-invalid=\"false\" value=\"\" type=\"email\" name=\"your-email\" \/><\/span> <\/label>\n<\/p>\n<p><label> Votre message ou question<br \/>\n<span class=\"wpcf7-form-control-wrap\" data-name=\"your-message\"><textarea cols=\"40\" rows=\"10\" maxlength=\"2000\" class=\"wpcf7-form-control wpcf7-textarea\" aria-invalid=\"false\" name=\"your-message\"><\/textarea><\/span> <\/label>\n<\/p>\n<p><input class=\"wpcf7-form-control wpcf7-submit has-spinner\" type=\"submit\" value=\"Envoyer\" \/>\n<\/p><div class=\"wpcf7-response-output\" aria-hidden=\"true\"><\/div>\n<\/form>\n<\/div>\n[vc_empty_space height=\u00a0\u00bb40px\u00a0\u00bb][\/vc_column_inner][\/vc_row_inner][\/vc_column][\/vc_row][vc_row css_animation=\u00a0\u00bb\u00a0\u00bb row_type=\u00a0\u00bbrow\u00a0\u00bb use_row_as_full_screen_section=\u00a0\u00bbno\u00a0\u00bb type=\u00a0\u00bbgrid\u00a0\u00bb angled_section=\u00a0\u00bbno\u00a0\u00bb text_align=\u00a0\u00bbleft\u00a0\u00bb background_image_as_pattern=\u00a0\u00bbwithout_pattern\u00a0\u00bb anchor=\u00a0\u00bbreserveren\u00a0\u00bb css=\u00a0\u00bb.vc_custom_1486925373168{padding-bottom: 40px !important;}\u00a0\u00bb el_id=\u00a0\u00bbreserveren\u00a0\u00bb][vc_column][vc_row_inner row_type=\u00a0\u00bbrow\u00a0\u00bb type=\u00a0\u00bbfull_width\u00a0\u00bb text_align=\u00a0\u00bbleft\u00a0\u00bb css_animation=\u00a0\u00bb\u00a0\u00bb css=\u00a0\u00bb.vc_custom_1486925226408{padding-top: 25px !important;}\u00a0\u00bb][vc_column_inner width=\u00a0\u00bb1\/3&Prime; css=\u00a0\u00bb.vc_custom_1486934867116{margin-right: 20px !important;}\u00a0\u00bb][vc_empty_space height=\u00a0\u00bb42px\u00a0\u00bb][vc_single_image image=\u00a0\u00bb2766&Prime; img_size=\u00a0\u00bbfull\u00a0\u00bb qode_css_animation=\u00a0\u00bbelement_from_left\u00a0\u00bb][\/vc_column_inner][vc_column_inner width=\u00a0\u00bb1\/12&Prime;][\/vc_column_inner][vc_column_inner width=\u00a0\u00bb7\/12&Prime;][vc_column_text css=\u00a0\u00bb.vc_custom_1551617899195{padding-top: 45px !important;}\u00a0\u00bb]<\/p>\n<h2 style=\"text-align: left;\">Voulez-vous r\u00e9server?<\/h2>\n<p>[\/vc_column_text][vc_empty_space height=\u00a0\u00bb20px\u00a0\u00bb][vc_column_text css=\u00a0\u00bb.vc_custom_1551617967453{padding-top: 45px !important;}\u00a0\u00bb]<\/p>\n<p style=\"text-align: left;\">Cliquez sur un des deux boutons ci-dessous et envoyez votre r\u00e9servation.<\/p>\n<p>[\/vc_column_text][vc_empty_space height=\u00a0\u00bb20px\u00a0\u00bb]<a  itemprop=\"url\" href=\"\/fr\/reserver-emplacement\" target=\"_self\"  class=\"qbutton  large default\" style=\"\">R\u00e9server un emplacement<\/a>[vc_empty_space height=\u00a0\u00bb20px\u00a0\u00bb]<a  itemprop=\"url\" href=\"\/fr\/reserver-hebergement\" target=\"_self\"  class=\"qbutton  large default\" style=\"\">R\u00e9server un h\u00e9bergement<\/a>[\/vc_column_inner][\/vc_row_inner][\/vc_column][\/vc_row][vc_row css_animation=\u00a0\u00bb\u00a0\u00bb row_type=\u00a0\u00bbrow\u00a0\u00bb use_row_as_full_screen_section=\u00a0\u00bbno\u00a0\u00bb type=\u00a0\u00bbfull_width\u00a0\u00bb angled_section=\u00a0\u00bbno\u00a0\u00bb text_align=\u00a0\u00bbleft\u00a0\u00bb background_image_as_pattern=\u00a0\u00bbwithout_pattern\u00a0\u00bb][vc_column]<div class='google_map_shortcode_holder' style='height:600px;'><div class='qode_google_map' style='height:600px;' id='map_canvas_30967' data-addresses='[\"Route de Lacaune, 34330 La Salvetat sur Ago\u00fbt\",\"JMHH+2F La Salvetat-sur-Agout, Frankrijk\"]' data-custom-map-style='false' data-color-overlay='#393939' data-saturation='-100' data-lightness='-60' data-zoom='7' data-pin='https:\/\/goudal.com\/wp-content\/uploads\/2016\/06\/pointer-1.png' data-unique-id='30967' data-google-maps-scroll-wheel='false' data-snazzy-map-style='no' data-map-height='600'><\/div><div class='google_map_shortcode_overlay'><\/div><\/div>[\/vc_column][\/vc_row]<\/p>\n<\/div>","protected":false},"excerpt":{"rendered":"<p>[vc_row css_animation=\u00a0\u00bb\u00a0\u00bb row_type=\u00a0\u00bbrow\u00a0\u00bb use_row_as_full_screen_section=\u00a0\u00bbno\u00a0\u00bb type=\u00a0\u00bbgrid\u00a0\u00bb angled_section=\u00a0\u00bbno\u00a0\u00bb text_align=\u00a0\u00bbcenter\u00a0\u00bb background_image_as_pattern=\u00a0\u00bbwithout_pattern\u00a0\u00bb css=\u00a0\u00bb.vc_custom_1486888753017{padding-bottom: 35px !important;}\u00a0\u00bb][vc_column][vc_row_inner row_type=\u00a0\u00bbrow\u00a0\u00bb type=\u00a0\u00bbfull_width\u00a0\u00bb text_align=\u00a0\u00bbleft\u00a0\u00bb css_animation=\u00a0\u00bb\u00a0\u00bb][vc_column_inner width=\u00a0\u00bb1\/4&Prime;][vc_single_image image=\u00a0\u00bb431&Prime; img_size=\u00a0\u00bbfull\u00a0\u00bb alignment=\u00a0\u00bbcenter\u00a0\u00bb qode_css_animation=\u00a0\u00bbelement_from_left\u00a0\u00bb css=\u00a0\u00bb.vc_custom_1486887628836{padding-top: 40px !important;}\u00a0\u00bb][\/vc_column_inner][vc_column_inner width=\u00a0\u00bb3\/4&Prime;][vc_empty_space height=\u00a0\u00bb20px\u00a0\u00bb][vc_column_text css=\u00a0\u00bb.vc_custom_1551617800623{padding-top: 45px !important;}\u00a0\u00bb] Questions? Ou voulez-vous r\u00e9server ? [\/vc_column_text][\/vc_column_inner][\/vc_row_inner][vc_empty_space height=\u00a0\u00bb30px\u00a0\u00bb][vc_column_text] Avez-vous des questions ou besoin d`informations suppl\u00e9mentaires ? Contactez-nous par t\u00e9l\u00e9phone, mail ou le formulaire de contact ci-dessous. [\/vc_column_text][\/vc_column][\/vc_row][vc_row css_animation=\u00a0\u00bb\u00a0\u00bb&#8230;<\/p>\n","protected":false},"author":1,"featured_media":0,"parent":0,"menu_order":0,"comment_status":"closed","ping_status":"closed","template":"full_width.php","meta":{"footnotes":""},"class_list":["post-2468","page","type-page","status-publish","hentry"],"yoast_head":"<!-- This site is optimized with the Yoast SEO plugin v27.3 - https:\/\/yoast.com\/product\/yoast-seo-wordpress\/ -->\n<title>Contact - Goudal.com<\/title>\n<meta name=\"description\" content=\"Avez-vous des questions ou besoin d`informations suppl\u00e9mentaires ? Contactez-nous par t\u00e9l\u00e9phone, mail ou le formulaire de contact ci-dessous. Camping Goudal (Kim et Willem) Le Goudal 34330 La Salvetat sur Ago\u00fbt Frankrijk. T\u00e9l\u00e9phone +33 4 67 95 13 45\" \/>\n<meta name=\"robots\" content=\"index, follow, max-snippet:-1, max-image-preview:large, max-video-preview:-1\" \/>\n<link rel=\"canonical\" href=\"https:\/\/goudal.com\/fr\/contact-goudal\/\" \/>\n<meta property=\"og:locale\" content=\"fr_FR\" \/>\n<meta property=\"og:type\" content=\"article\" \/>\n<meta property=\"og:title\" content=\"Contact - Goudal.com\" \/>\n<meta property=\"og:description\" content=\"Avez-vous des questions ou besoin d`informations suppl\u00e9mentaires ? Contactez-nous par t\u00e9l\u00e9phone, mail ou le formulaire de contact ci-dessous. Camping Goudal (Kim et Willem) Le Goudal 34330 La Salvetat sur Ago\u00fbt Frankrijk. T\u00e9l\u00e9phone +33 4 67 95 13 45\" \/>\n<meta property=\"og:url\" content=\"https:\/\/goudal.com\/fr\/contact-goudal\/\" \/>\n<meta property=\"og:site_name\" content=\"Goudal.com\" \/>\n<meta property=\"article:modified_time\" content=\"2022-11-25T09:57:30+00:00\" \/>\n<meta name=\"twitter:card\" content=\"summary_large_image\" \/>\n<meta name=\"twitter:label1\" content=\"Dur\u00e9e de lecture estim\u00e9e\" \/>\n\t<meta name=\"twitter:data1\" content=\"2 minutes\" \/>\n<script type=\"application\/ld+json\" class=\"yoast-schema-graph\">{\"@context\":\"https:\\\/\\\/schema.org\",\"@graph\":[{\"@type\":\"WebPage\",\"@id\":\"https:\\\/\\\/goudal.com\\\/fr\\\/contact-goudal\\\/\",\"url\":\"https:\\\/\\\/goudal.com\\\/fr\\\/contact-goudal\\\/\",\"name\":\"Contact - Goudal.com\",\"isPartOf\":{\"@id\":\"https:\\\/\\\/goudal.com\\\/#website\"},\"datePublished\":\"2019-03-02T11:56:55+00:00\",\"dateModified\":\"2022-11-25T09:57:30+00:00\",\"description\":\"Avez-vous des questions ou besoin d`informations suppl\u00e9mentaires ? Contactez-nous par t\u00e9l\u00e9phone, mail ou le formulaire de contact ci-dessous. Camping Goudal (Kim et Willem) Le Goudal 34330 La Salvetat sur Ago\u00fbt Frankrijk. T\u00e9l\u00e9phone +33 4 67 95 13 45\",\"breadcrumb\":{\"@id\":\"https:\\\/\\\/goudal.com\\\/fr\\\/contact-goudal\\\/#breadcrumb\"},\"inLanguage\":\"fr-FR\",\"potentialAction\":[{\"@type\":\"ReadAction\",\"target\":[\"https:\\\/\\\/goudal.com\\\/fr\\\/contact-goudal\\\/\"]}]},{\"@type\":\"BreadcrumbList\",\"@id\":\"https:\\\/\\\/goudal.com\\\/fr\\\/contact-goudal\\\/#breadcrumb\",\"itemListElement\":[{\"@type\":\"ListItem\",\"position\":1,\"name\":\"Home\",\"item\":\"https:\\\/\\\/goudal.com\\\/fr\\\/\"},{\"@type\":\"ListItem\",\"position\":2,\"name\":\"Contact\"}]},{\"@type\":\"WebSite\",\"@id\":\"https:\\\/\\\/goudal.com\\\/#website\",\"url\":\"https:\\\/\\\/goudal.com\\\/\",\"name\":\"Goudal.com\",\"description\":\"Camping Goudal, France\",\"potentialAction\":[{\"@type\":\"SearchAction\",\"target\":{\"@type\":\"EntryPoint\",\"urlTemplate\":\"https:\\\/\\\/goudal.com\\\/?s={search_term_string}\"},\"query-input\":{\"@type\":\"PropertyValueSpecification\",\"valueRequired\":true,\"valueName\":\"search_term_string\"}}],\"inLanguage\":\"fr-FR\"}]}<\/script>\n<!-- \/ Yoast SEO plugin. -->","yoast_head_json":{"title":"Contact - Goudal.com","description":"Avez-vous des questions ou besoin d`informations suppl\u00e9mentaires ? Contactez-nous par t\u00e9l\u00e9phone, mail ou le formulaire de contact ci-dessous. Camping Goudal (Kim et Willem) Le Goudal 34330 La Salvetat sur Ago\u00fbt Frankrijk. T\u00e9l\u00e9phone +33 4 67 95 13 45","robots":{"index":"index","follow":"follow","max-snippet":"max-snippet:-1","max-image-preview":"max-image-preview:large","max-video-preview":"max-video-preview:-1"},"canonical":"https:\/\/goudal.com\/fr\/contact-goudal\/","og_locale":"fr_FR","og_type":"article","og_title":"Contact - Goudal.com","og_description":"Avez-vous des questions ou besoin d`informations suppl\u00e9mentaires ? Contactez-nous par t\u00e9l\u00e9phone, mail ou le formulaire de contact ci-dessous. Camping Goudal (Kim et Willem) Le Goudal 34330 La Salvetat sur Ago\u00fbt Frankrijk. T\u00e9l\u00e9phone +33 4 67 95 13 45","og_url":"https:\/\/goudal.com\/fr\/contact-goudal\/","og_site_name":"Goudal.com","article_modified_time":"2022-11-25T09:57:30+00:00","twitter_card":"summary_large_image","twitter_misc":{"Dur\u00e9e de lecture estim\u00e9e":"2 minutes"},"schema":{"@context":"https:\/\/schema.org","@graph":[{"@type":"WebPage","@id":"https:\/\/goudal.com\/fr\/contact-goudal\/","url":"https:\/\/goudal.com\/fr\/contact-goudal\/","name":"Contact - Goudal.com","isPartOf":{"@id":"https:\/\/goudal.com\/#website"},"datePublished":"2019-03-02T11:56:55+00:00","dateModified":"2022-11-25T09:57:30+00:00","description":"Avez-vous des questions ou besoin d`informations suppl\u00e9mentaires ? Contactez-nous par t\u00e9l\u00e9phone, mail ou le formulaire de contact ci-dessous. Camping Goudal (Kim et Willem) Le Goudal 34330 La Salvetat sur Ago\u00fbt Frankrijk. T\u00e9l\u00e9phone +33 4 67 95 13 45","breadcrumb":{"@id":"https:\/\/goudal.com\/fr\/contact-goudal\/#breadcrumb"},"inLanguage":"fr-FR","potentialAction":[{"@type":"ReadAction","target":["https:\/\/goudal.com\/fr\/contact-goudal\/"]}]},{"@type":"BreadcrumbList","@id":"https:\/\/goudal.com\/fr\/contact-goudal\/#breadcrumb","itemListElement":[{"@type":"ListItem","position":1,"name":"Home","item":"https:\/\/goudal.com\/fr\/"},{"@type":"ListItem","position":2,"name":"Contact"}]},{"@type":"WebSite","@id":"https:\/\/goudal.com\/#website","url":"https:\/\/goudal.com\/","name":"Goudal.com","description":"Camping Goudal, France","potentialAction":[{"@type":"SearchAction","target":{"@type":"EntryPoint","urlTemplate":"https:\/\/goudal.com\/?s={search_term_string}"},"query-input":{"@type":"PropertyValueSpecification","valueRequired":true,"valueName":"search_term_string"}}],"inLanguage":"fr-FR"}]}},"_links":{"self":[{"href":"https:\/\/goudal.com\/fr\/wp-json\/wp\/v2\/pages\/2468","targetHints":{"allow":["GET"]}}],"collection":[{"href":"https:\/\/goudal.com\/fr\/wp-json\/wp\/v2\/pages"}],"about":[{"href":"https:\/\/goudal.com\/fr\/wp-json\/wp\/v2\/types\/page"}],"author":[{"embeddable":true,"href":"https:\/\/goudal.com\/fr\/wp-json\/wp\/v2\/users\/1"}],"replies":[{"embeddable":true,"href":"https:\/\/goudal.com\/fr\/wp-json\/wp\/v2\/comments?post=2468"}],"version-history":[{"count":5,"href":"https:\/\/goudal.com\/fr\/wp-json\/wp\/v2\/pages\/2468\/revisions"}],"predecessor-version":[{"id":6814,"href":"https:\/\/goudal.com\/fr\/wp-json\/wp\/v2\/pages\/2468\/revisions\/6814"}],"wp:attachment":[{"href":"https:\/\/goudal.com\/fr\/wp-json\/wp\/v2\/media?parent=2468"}],"curies":[{"name":"wp","href":"https:\/\/api.w.org\/{rel}","templated":true}]}}